{"id":274,"date":"2019-11-20T14:41:08","date_gmt":"2019-11-20T14:41:08","guid":{"rendered":"https:\/\/treuhand.hashtagit.ch\/?page_id=274"},"modified":"2020-08-20T16:55:31","modified_gmt":"2020-08-20T16:55:31","slug":"steuerung","status":"publish","type":"page","link":"https:\/\/www.neubauer-treuhand.ch\/index.php\/steuerung\/","title":{"rendered":"Steuern"},"content":{"rendered":"\t\t<div data-elementor-type=\"wp-page\" data-elementor-id=\"274\" class=\"elementor elementor-274\">\n\t\t\t\t\t\t<section class=\"elementor-section elementor-top-section elementor-element elementor-element-2e2dea2c elementor-section-items-top elementor-section-height-min-height elementor-section-boxed elementor-section-height-default\" data-id=\"2e2dea2c\" data-element_type=\"section\" data-e-type=\"section\" data-settings=\"{&quot;background_background&quot;:&quot;classic&quot;}\">\n\t\t\t\t\t\t<div class=\"elementor-container elementor-column-gap-default\">\n\t\t\t\t\t<div class=\"elementor-column elementor-col-100 elementor-top-column elementor-element elementor-element-527769c3\" data-id=\"527769c3\" data-element_type=\"column\" data-e-type=\"column\">\n\t\t\t<div class=\"elementor-widget-wrap elementor-element-populated\">\n\t\t\t\t\t\t<div class=\"elementor-element elementor-element-392d771c elementor-widget elementor-widget-heading\" data-id=\"392d771c\" data-element_type=\"widget\" data-e-type=\"widget\" data-widget_type=\"heading.default\">\n\t\t\t\t<div class=\"elementor-widget-container\">\n\t\t\t\t\t<h1 class=\"elementor-heading-title elementor-size-large\">Steuern<\/h1>\t\t\t\t<\/div>\n\t\t\t\t<\/div>\n\t\t\t\t<div class=\"elementor-element elementor-element-49507257 elementor-widget-divider--view-line elementor-widget elementor-widget-divider\" data-id=\"49507257\" data-element_type=\"widget\" data-e-type=\"widget\" data-widget_type=\"divider.default\">\n\t\t\t\t<div class=\"elementor-widget-container\">\n\t\t\t\t\t\t\t<div class=\"elementor-divider\">\n\t\t\t<span class=\"elementor-divider-separator\">\n\t\t\t\t\t\t<\/span>\n\t\t<\/div>\n\t\t\t\t\t\t<\/div>\n\t\t\t\t<\/div>\n\t\t\t\t\t<\/div>\n\t\t<\/div>\n\t\t\t\t\t<\/div>\n\t\t<\/section>\n\t\t\t\t<section class=\"elementor-section elementor-top-section elementor-element elementor-element-1c0e75df elementor-section-boxed elementor-section-height-default elementor-section-height-default\" data-id=\"1c0e75df\" data-element_type=\"section\" data-e-type=\"section\">\n\t\t\t\t\t\t<div class=\"elementor-container elementor-column-gap-no\">\n\t\t\t\t\t<div class=\"elementor-column elementor-col-50 elementor-top-column elementor-element elementor-element-4c766438\" data-id=\"4c766438\" data-element_type=\"column\" data-e-type=\"column\">\n\t\t\t<div class=\"elementor-widget-wrap elementor-element-populated\">\n\t\t\t\t\t\t<div class=\"elementor-element elementor-element-55973597 elementor-widget elementor-widget-heading\" data-id=\"55973597\" data-element_type=\"widget\" data-e-type=\"widget\" data-widget_type=\"heading.default\">\n\t\t\t\t<div class=\"elementor-widget-container\">\n\t\t\t\t\t<h3 class=\"elementor-heading-title elementor-size-large\">Weitere steuerliche Leistungen umfassen<\/h3>\t\t\t\t<\/div>\n\t\t\t\t<\/div>\n\t\t\t\t<div class=\"elementor-element elementor-element-24b32a4a elementor-widget elementor-widget-text-editor\" data-id=\"24b32a4a\" data-element_type=\"widget\" data-e-type=\"widget\" data-widget_type=\"text-editor.default\">\n\t\t\t\t<div class=\"elementor-widget-container\">\n\t\t\t\t\t\t\t\t\t<ul>\n<li>Pr\u00fcfen von Einsch\u00e4tzungen und Veranlagungen<\/li>\n<li>Steuerberatung und \u2013 planung bei nat\u00fcrlichen und juristischen Personen<\/li>\n<li>Verl\u00e4ngerungen von Eingabefristen<\/li>\n<li>Erstellung von Steuererkl\u00e4rungen, Steuereinsprachen und Steuerrekursen<\/li>\n<li>Beratung bei interkantonalen Steuerproblematiken<\/li>\n<\/ul>\t\t\t\t\t\t\t\t<\/div>\n\t\t\t\t<\/div>\n\t\t\t\t\t<\/div>\n\t\t<\/div>\n\t\t\t\t<div class=\"elementor-column elementor-col-50 elementor-top-column elementor-element elementor-element-1020883f\" data-id=\"1020883f\" data-element_type=\"column\" data-e-type=\"column\">\n\t\t\t<div class=\"elementor-widget-wrap elementor-element-populated\">\n\t\t\t\t\t\t\t<\/div>\n\t\t<\/div>\n\t\t\t\t\t<\/div>\n\t\t<\/section>\n\t\t\t\t<section class=\"elementor-section elementor-top-section elementor-element elementor-element-47a8f9c4 elementor-section-boxed elementor-section-height-default elementor-section-height-default\" data-id=\"47a8f9c4\" data-element_type=\"section\" data-e-type=\"section\" data-settings=\"{&quot;background_background&quot;:&quot;classic&quot;}\">\n\t\t\t\t\t\t\t<div class=\"elementor-background-overlay\"><\/div>\n\t\t\t\t\t\t\t<div class=\"elementor-container elementor-column-gap-default\">\n\t\t\t\t\t<div class=\"elementor-column elementor-col-100 elementor-top-column elementor-element elementor-element-1d9a658c\" data-id=\"1d9a658c\" data-element_type=\"column\" data-e-type=\"column\" data-settings=\"{&quot;background_background&quot;:&quot;classic&quot;}\">\n\t\t\t<div class=\"elementor-widget-wrap elementor-element-populated\">\n\t\t\t\t\t<div class=\"elementor-background-overlay\"><\/div>\n\t\t\t\t\t\t<section class=\"elementor-section elementor-inner-section elementor-element elementor-element-3112467b elementor-section-boxed elementor-section-height-default elementor-section-height-default\" data-id=\"3112467b\" data-element_type=\"section\" data-e-type=\"section\" data-settings=\"{&quot;background_background&quot;:&quot;gradient&quot;}\">\n\t\t\t\t\t\t<div class=\"elementor-container elementor-column-gap-no\">\n\t\t\t\t\t<div class=\"elementor-column elementor-col-100 elementor-inner-column elementor-element elementor-element-6c085394\" data-id=\"6c085394\" data-element_type=\"column\" data-e-type=\"column\" data-settings=\"{&quot;background_background&quot;:&quot;classic&quot;}\">\n\t\t\t<div class=\"elementor-widget-wrap elementor-element-populated\">\n\t\t\t\t\t\t<div class=\"elementor-element elementor-element-5556eb18 elementor-widget elementor-widget-text-editor\" data-id=\"5556eb18\" data-element_type=\"widget\" data-e-type=\"widget\" data-widget_type=\"text-editor.default\">\n\t\t\t\t<div class=\"elementor-widget-container\">\n\t\t\t\t\t\t\t\t\t<div id=\"Content\"><div class=\"boxed\"><div id=\"lipsum\"><table border=\"0\" width=\"752\" cellspacing=\"0\" cellpadding=\"0\"><tbody><tr align=\"LEFT\" valign=\"TOP\"><td class=\"TextObject\" width=\"715\"><p>Als Unternehmer hat man heute mit einer Flut von verschiedenen Steuern zu k\u00e4mpfen; Kapitalsteuer, Steuern auf Kapitalgewinne, Verrechnungssteuer, um nur einige zu nennen. Und da soll man sich in dieser Vielfalt noch zurecht finden?Genau Da sehen wir unsere St\u00e4rke, Ihnen diese \u201cl\u00e4stige\u201d Arbeit abzunehmen. Ob es sich dabei um eine \u201cnormale\u201d oder komplexe Steuererkl\u00e4rung handelt, lassen Sie sich deswegen keine Grauen Haare wachsen, profitieren Sie von unserem Spezialwissen.<\/p><\/td><\/tr><\/tbody><\/table><\/div><\/div><\/div>\t\t\t\t\t\t\t\t<\/div>\n\t\t\t\t<\/div>\n\t\t\t\t\t<\/div>\n\t\t<\/div>\n\t\t\t\t\t<\/div>\n\t\t<\/section>\n\t\t\t\t\t<\/div>\n\t\t<\/div>\n\t\t\t\t\t<\/div>\n\t\t<\/section>\n\t\t\t\t<\/div>\n\t\t","protected":false},"excerpt":{"rendered":"<p>Steuern Weitere steuerliche Leistungen umfassen Pr\u00fcfen von Einsch\u00e4tzungen und Veranlagungen Steuerberatung und \u2013 planung bei nat\u00fcrlichen und juristischen Personen Verl\u00e4ngerungen von Eingabefristen Erstellung von Steuererkl\u00e4rungen, Steuereinsprachen und Steuerrekursen Beratung bei interkantonalen Steuerproblematiken Als Unternehmer hat man heute mit einer Flut von verschiedenen Steuern zu k\u00e4mpfen; Kapitalsteuer, Steuern auf Kapitalgewinne, Verrechnungssteuer, um nur einige zu nennen. [&hellip;]<\/p>\n","protected":false},"author":2,"featured_media":0,"parent":0,"menu_order":0,"comment_status":"closed","ping_status":"closed","template":"elementor_header_footer","meta":{"site-sidebar-layout":"no-sidebar","site-content-layout":"page-builder","ast-site-content-layout":"default","site-content-style":"default","site-sidebar-style":"default","ast-global-header-display":"","ast-banner-title-visibility":"","ast-main-header-display":"","ast-hfb-above-header-display":"","ast-hfb-below-header-display":"","ast-hfb-mobile-header-display":"","site-post-title":"disabled","ast-breadcrumbs-content":"","ast-featured-img":"disabled","footer-sml-layout":"","ast-disable-related-posts":"","theme-transparent-header-meta":"default","adv-header-id-meta":"","stick-header-meta":"","header-above-stick-meta":"","header-main-stick-meta":"","header-below-stick-meta":"","astra-migrate-meta-layouts":"default","ast-page-background-enabled":"default","ast-page-background-meta":{"desktop":{"background-color":"","background-image":"","background-repeat":"repeat","background-position":"center center","background-size":"auto","background-attachment":"scroll","background-type":"","background-media":"","overlay-type":"","overlay-color":"","overlay-opacity":"","overlay-gradient":""},"tablet":{"background-color":"","background-image":"","background-repeat":"repeat","background-position":"center center","background-size":"auto","background-attachment":"scroll","background-type":"","background-media":"","overlay-type":"","overlay-color":"","overlay-opacity":"","overlay-gradient":""},"mobile":{"background-color":"","background-image":"","background-repeat":"repeat","background-position":"center center","background-size":"auto","background-attachment":"scroll","background-type":"","background-media":"","overlay-type":"","overlay-color":"","overlay-opacity":"","overlay-gradient":""}},"ast-content-background-meta":{"desktop":{"background-color":"var(--ast-global-color-5)","background-image":"","background-repeat":"repeat","background-position":"center center","background-size":"auto","background-attachment":"scroll","background-type":"","background-media":"","overlay-type":"","overlay-color":"","overlay-opacity":"","overlay-gradient":""},"tablet":{"background-color":"var(--ast-global-color-5)","background-image":"","background-repeat":"repeat","background-position":"center center","background-size":"auto","background-attachment":"scroll","background-type":"","background-media":"","overlay-type":"","overlay-color":"","overlay-opacity":"","overlay-gradient":""},"mobile":{"background-color":"var(--ast-global-color-5)","background-image":"","background-repeat":"repeat","background-position":"center center","background-size":"auto","background-attachment":"scroll","background-type":"","background-media":"","overlay-type":"","overlay-color":"","overlay-opacity":"","overlay-gradient":""}},"footnotes":""},"class_list":["post-274","page","type-page","status-publish","hentry"],"_links":{"self":[{"href":"https:\/\/www.neubauer-treuhand.ch\/index.php\/wp-json\/wp\/v2\/pages\/274","targetHints":{"allow":["GET"]}}],"collection":[{"href":"https:\/\/www.neubauer-treuhand.ch\/index.php\/wp-json\/wp\/v2\/pages"}],"about":[{"href":"https:\/\/www.neubauer-treuhand.ch\/index.php\/wp-json\/wp\/v2\/types\/page"}],"author":[{"embeddable":true,"href":"https:\/\/www.neubauer-treuhand.ch\/index.php\/wp-json\/wp\/v2\/users\/2"}],"replies":[{"embeddable":true,"href":"https:\/\/www.neubauer-treuhand.ch\/index.php\/wp-json\/wp\/v2\/comments?post=274"}],"version-history":[{"count":9,"href":"https:\/\/www.neubauer-treuhand.ch\/index.php\/wp-json\/wp\/v2\/pages\/274\/revisions"}],"predecessor-version":[{"id":504,"href":"https:\/\/www.neubauer-treuhand.ch\/index.php\/wp-json\/wp\/v2\/pages\/274\/revisions\/504"}],"wp:attachment":[{"href":"https:\/\/www.neubauer-treuhand.ch\/index.php\/wp-json\/wp\/v2\/media?parent=274"}],"curies":[{"name":"wp","href":"https:\/\/api.w.org\/{rel}","templated":true}]}}